{"id":683,"date":"2018-06-04T12:50:52","date_gmt":"2018-06-04T12:50:52","guid":{"rendered":"https:\/\/buildinginsight.org\/casa\/"},"modified":"2018-06-04T12:50:52","modified_gmt":"2018-06-04T12:50:52","slug":"casa","status":"publish","type":"page","link":"https:\/\/buildinginsight.org\/es\/","title":{"rendered":"Casa"},"content":{"rendered":"<h2>Acerca de BuildingInsight<\/h2>\n<div class=\"lede\">\n<p>BuildingInsight es una subsidiaria y propiedad total del Instituto de Tecnolog\u00eda y Seguridad de la Construcci\u00f3n (IBTS), una organizaci\u00f3n sin fines de lucro cuyo objetivo es fortalecer comunidades.<\/p>\n<p>Combinamos la excelencia y la innovaci\u00f3n del sector privado con el enfoque de un sin fines de lucro centrado en el \u00e9xito de nuestros clientes y de los clientes y las comunidades a las que ellos sirven.<\/p>\n<\/div>\n<p><a class=\"button\" href=\"https:\/\/buildinginsight.org\/about\/\">Aprende m\u00e1s<\/a><\/p>\n","protected":false},"excerpt":{"rendered":"<p>Acerca de BuildingInsight BuildingInsight es una subsidiaria y propiedad total del Instituto de Tecnolog\u00eda y Seguridad de la Construcci\u00f3n (IBTS), una organizaci\u00f3n sin fines de lucro cuyo objetivo es fortalecer comunidades. Combinamos la excelencia y la innovaci\u00f3n del sector privado con el enfoque de un sin fines de lucro centrado en el \u00e9xito de nuestros&hellip;<\/p>\n","protected":false},"author":5,"featured_media":558,"parent":0,"menu_order":0,"comment_status":"closed","ping_status":"open","template":"page-templates\/homepage.php","meta":{"inline_featured_image":false,"footnotes":""},"class_list":["post-683","page","type-page","status-publish","has-post-thumbnail","hentry"],"yoast_head":"<!-- This site is optimized with the Yoast SEO plugin v25.5 - https:\/\/yoast.com\/wordpress\/plugins\/seo\/ -->\n<title>IBTS<\/title>\n<meta name=\"description\" content=\"Una firma de consultor\u00eda que proporciona servicios completos de estrategia e investigaci\u00f3n de mercado, dedicada a brindar a nuestros clientes soluciones creativas para tomar decisiones basadas en datos.\" \/>\n<meta name=\"robots\" content=\"index, follow, max-snippet:-1, max-image-preview:large, max-video-preview:-1\" \/>\n<link rel=\"canonical\" href=\"https:\/\/buildinginsight.org\/es\/\" \/>\n<meta property=\"og:locale\" content=\"es_ES\" \/>\n<meta property=\"og:type\" content=\"article\" \/>\n<meta property=\"og:title\" content=\"IBTS\" \/>\n<meta property=\"og:description\" content=\"Una firma de consultor\u00eda que proporciona servicios completos de estrategia e investigaci\u00f3n de mercado, dedicada a brindar a nuestros clientes soluciones creativas para tomar decisiones basadas en datos.\" \/>\n<meta property=\"og:url\" content=\"https:\/\/buildinginsight.org\/es\/\" \/>\n<meta property=\"og:site_name\" content=\"IBTS\" \/>\n<meta property=\"og:image\" content=\"https:\/\/buildinginsight.org\/wp-content\/uploads\/2018\/09\/test-2-cropped.jpg\" \/>\n\t<meta property=\"og:image:width\" content=\"1920\" \/>\n\t<meta property=\"og:image:height\" content=\"915\" \/>\n\t<meta property=\"og:image:type\" content=\"image\/jpeg\" \/>\n<meta name=\"twitter:card\" content=\"summary_large_image\" \/>\n<script type=\"application\/ld+json\" class=\"yoast-schema-graph\">{\"@context\":\"https:\/\/schema.org\",\"@graph\":[{\"@type\":\"WebPage\",\"@id\":\"https:\/\/buildinginsight.org\/es\/\",\"url\":\"https:\/\/buildinginsight.org\/es\/\",\"name\":\"IBTS\",\"isPartOf\":{\"@id\":\"https:\/\/buildinginsight.org\/es\/#website\"},\"primaryImageOfPage\":{\"@id\":\"https:\/\/buildinginsight.org\/es\/#primaryimage\"},\"image\":{\"@id\":\"https:\/\/buildinginsight.org\/es\/#primaryimage\"},\"thumbnailUrl\":\"https:\/\/buildinginsight.org\/wp-content\/uploads\/2018\/09\/test-2-cropped.jpg\",\"datePublished\":\"2018-06-04T12:50:52+00:00\",\"description\":\"Una firma de consultor\u00eda que proporciona servicios completos de estrategia e investigaci\u00f3n de mercado, dedicada a brindar a nuestros clientes soluciones creativas para tomar decisiones basadas en datos.\",\"breadcrumb\":{\"@id\":\"https:\/\/buildinginsight.org\/es\/#breadcrumb\"},\"inLanguage\":\"es\",\"potentialAction\":[{\"@type\":\"ReadAction\",\"target\":[\"https:\/\/buildinginsight.org\/es\/\"]}]},{\"@type\":\"ImageObject\",\"inLanguage\":\"es\",\"@id\":\"https:\/\/buildinginsight.org\/es\/#primaryimage\",\"url\":\"https:\/\/buildinginsight.org\/wp-content\/uploads\/2018\/09\/test-2-cropped.jpg\",\"contentUrl\":\"https:\/\/buildinginsight.org\/wp-content\/uploads\/2018\/09\/test-2-cropped.jpg\",\"width\":1920,\"height\":915},{\"@type\":\"BreadcrumbList\",\"@id\":\"https:\/\/buildinginsight.org\/es\/#breadcrumb\",\"itemListElement\":[{\"@type\":\"ListItem\",\"position\":1,\"name\":\"Home\",\"item\":\"https:\/\/buildinginsight.org\/es\/casa\/\"},{\"@type\":\"ListItem\",\"position\":2,\"name\":\"Casa\"}]},{\"@type\":\"WebSite\",\"@id\":\"https:\/\/buildinginsight.org\/es\/#website\",\"url\":\"https:\/\/buildinginsight.org\/es\/\",\"name\":\"IBTS\",\"description\":\"\",\"potentialAction\":[{\"@type\":\"SearchAction\",\"target\":{\"@type\":\"EntryPoint\",\"urlTemplate\":\"https:\/\/buildinginsight.org\/es\/?s={search_term_string}\"},\"query-input\":{\"@type\":\"PropertyValueSpecification\",\"valueRequired\":true,\"valueName\":\"search_term_string\"}}],\"inLanguage\":\"es\"}]}<\/script>\n<!-- \/ Yoast SEO plugin. -->","yoast_head_json":{"title":"IBTS","description":"Una firma de consultor\u00eda que proporciona servicios completos de estrategia e investigaci\u00f3n de mercado, dedicada a brindar a nuestros clientes soluciones creativas para tomar decisiones basadas en datos.","robots":{"index":"index","follow":"follow","max-snippet":"max-snippet:-1","max-image-preview":"max-image-preview:large","max-video-preview":"max-video-preview:-1"},"canonical":"https:\/\/buildinginsight.org\/es\/","og_locale":"es_ES","og_type":"article","og_title":"IBTS","og_description":"Una firma de consultor\u00eda que proporciona servicios completos de estrategia e investigaci\u00f3n de mercado, dedicada a brindar a nuestros clientes soluciones creativas para tomar decisiones basadas en datos.","og_url":"https:\/\/buildinginsight.org\/es\/","og_site_name":"IBTS","og_image":[{"width":1920,"height":915,"url":"https:\/\/buildinginsight.org\/wp-content\/uploads\/2018\/09\/test-2-cropped.jpg","type":"image\/jpeg"}],"twitter_card":"summary_large_image","schema":{"@context":"https:\/\/schema.org","@graph":[{"@type":"WebPage","@id":"https:\/\/buildinginsight.org\/es\/","url":"https:\/\/buildinginsight.org\/es\/","name":"IBTS","isPartOf":{"@id":"https:\/\/buildinginsight.org\/es\/#website"},"primaryImageOfPage":{"@id":"https:\/\/buildinginsight.org\/es\/#primaryimage"},"image":{"@id":"https:\/\/buildinginsight.org\/es\/#primaryimage"},"thumbnailUrl":"https:\/\/buildinginsight.org\/wp-content\/uploads\/2018\/09\/test-2-cropped.jpg","datePublished":"2018-06-04T12:50:52+00:00","description":"Una firma de consultor\u00eda que proporciona servicios completos de estrategia e investigaci\u00f3n de mercado, dedicada a brindar a nuestros clientes soluciones creativas para tomar decisiones basadas en datos.","breadcrumb":{"@id":"https:\/\/buildinginsight.org\/es\/#breadcrumb"},"inLanguage":"es","potentialAction":[{"@type":"ReadAction","target":["https:\/\/buildinginsight.org\/es\/"]}]},{"@type":"ImageObject","inLanguage":"es","@id":"https:\/\/buildinginsight.org\/es\/#primaryimage","url":"https:\/\/buildinginsight.org\/wp-content\/uploads\/2018\/09\/test-2-cropped.jpg","contentUrl":"https:\/\/buildinginsight.org\/wp-content\/uploads\/2018\/09\/test-2-cropped.jpg","width":1920,"height":915},{"@type":"BreadcrumbList","@id":"https:\/\/buildinginsight.org\/es\/#breadcrumb","itemListElement":[{"@type":"ListItem","position":1,"name":"Home","item":"https:\/\/buildinginsight.org\/es\/casa\/"},{"@type":"ListItem","position":2,"name":"Casa"}]},{"@type":"WebSite","@id":"https:\/\/buildinginsight.org\/es\/#website","url":"https:\/\/buildinginsight.org\/es\/","name":"IBTS","description":"","potentialAction":[{"@type":"SearchAction","target":{"@type":"EntryPoint","urlTemplate":"https:\/\/buildinginsight.org\/es\/?s={search_term_string}"},"query-input":{"@type":"PropertyValueSpecification","valueRequired":true,"valueName":"search_term_string"}}],"inLanguage":"es"}]}},"_links":{"self":[{"href":"https:\/\/buildinginsight.org\/es\/wp-json\/wp\/v2\/pages\/683","targetHints":{"allow":["GET"]}}],"collection":[{"href":"https:\/\/buildinginsight.org\/es\/wp-json\/wp\/v2\/pages"}],"about":[{"href":"https:\/\/buildinginsight.org\/es\/wp-json\/wp\/v2\/types\/page"}],"author":[{"embeddable":true,"href":"https:\/\/buildinginsight.org\/es\/wp-json\/wp\/v2\/users\/5"}],"replies":[{"embeddable":true,"href":"https:\/\/buildinginsight.org\/es\/wp-json\/wp\/v2\/comments?post=683"}],"version-history":[{"count":0,"href":"https:\/\/buildinginsight.org\/es\/wp-json\/wp\/v2\/pages\/683\/revisions"}],"wp:featuredmedia":[{"embeddable":true,"href":"https:\/\/buildinginsight.org\/es\/wp-json\/wp\/v2\/media\/558"}],"wp:attachment":[{"href":"https:\/\/buildinginsight.org\/es\/wp-json\/wp\/v2\/media?parent=683"}],"curies":[{"name":"wp","href":"https:\/\/api.w.org\/{rel}","templated":true}]}}