{"id":685,"date":"2018-06-06T16:05:46","date_gmt":"2018-06-06T16:05:46","guid":{"rendered":"https:\/\/buildinginsight.org\/contacto\/"},"modified":"2018-06-06T16:05:46","modified_gmt":"2018-06-06T16:05:46","slug":"contacto","status":"publish","type":"page","link":"https:\/\/buildinginsight.org\/es\/contacto\/","title":{"rendered":"Contacto"},"content":{"rendered":"<p>Env\u00edenos un mensaje utilizando el siguiente formulario. Para consultas, p\u00f3ngase en contacto con:<\/p>\n<p>Karen M. Johnson<br \/>\nGerente de Investigaci\u00f3n de Mercado<br \/>\n530.542.1142<br \/>\nkjohnson@ibts.org<\/p>\n<div style=\"max-width: 650px; margin: 0 auto 30px auto;\">BuildingInsight, LLC, es una subsidiaria de propiedad absoluta del <a href=\"https:\/\/www.ibts.org\/\">Instituto de Tecnolog\u00eda y Seguridad de la Construcci\u00f3n (IBTS),<\/a> una organizaci\u00f3n sin fines de lucro 501(c)3.<\/div>\n<div><\/div>\n<p>Sede<br \/>\n45207 Research Place<br \/>\nAshburn, VA 20147<br \/>\n703.481.2000<\/p>\n","protected":false},"excerpt":{"rendered":"<p>Env\u00edenos un mensaje utilizando el siguiente formulario. Para consultas, p\u00f3ngase en contacto con: Karen M. Johnson Gerente de Investigaci\u00f3n de Mercado 530.542.1142 kjohnson@ibts.org BuildingInsight, LLC, es una subsidiaria de propiedad absoluta del Instituto de Tecnolog\u00eda y Seguridad de la Construcci\u00f3n (IBTS), una organizaci\u00f3n sin fines de lucro 501(c)3. Sede 45207 Research Place Ashburn, VA 20147&hellip;<\/p>\n","protected":false},"author":5,"featured_media":557,"parent":0,"menu_order":0,"comment_status":"closed","ping_status":"closed","template":"page-templates\/contact.php","meta":{"inline_featured_image":false,"footnotes":""},"class_list":["post-685","page","type-page","status-publish","has-post-thumbnail","hentry"],"yoast_head":"<!-- This site is optimized with the Yoast SEO plugin v25.5 - https:\/\/yoast.com\/wordpress\/plugins\/seo\/ -->\n<title>Contacto - IBTS<\/title>\n<meta name=\"description\" content=\"Env\u00edenos un mensaje usando el siguiente formulario o cont\u00e1ctenos directamente.\" \/>\n<meta name=\"robots\" content=\"index, follow, max-snippet:-1, max-image-preview:large, max-video-preview:-1\" \/>\n<link rel=\"canonical\" href=\"https:\/\/buildinginsight.org\/es\/contacto\/\" \/>\n<meta property=\"og:locale\" content=\"es_ES\" \/>\n<meta property=\"og:type\" content=\"article\" \/>\n<meta property=\"og:title\" content=\"Contacto - IBTS\" \/>\n<meta property=\"og:description\" content=\"Env\u00edenos un mensaje usando el siguiente formulario o cont\u00e1ctenos directamente.\" \/>\n<meta property=\"og:url\" content=\"https:\/\/buildinginsight.org\/es\/contacto\/\" \/>\n<meta property=\"og:site_name\" content=\"IBTS\" \/>\n<meta property=\"og:image\" content=\"https:\/\/buildinginsight.org\/wp-content\/uploads\/2018\/09\/building-insight-services.jpg\" \/>\n\t<meta property=\"og:image:width\" content=\"1920\" \/>\n\t<meta property=\"og:image:height\" content=\"450\" \/>\n\t<meta property=\"og:image:type\" content=\"image\/jpeg\" \/>\n<meta name=\"twitter:card\" content=\"summary_large_image\" \/>\n<script type=\"application\/ld+json\" class=\"yoast-schema-graph\">{\"@context\":\"https:\/\/schema.org\",\"@graph\":[{\"@type\":\"WebPage\",\"@id\":\"https:\/\/buildinginsight.org\/es\/contacto\/\",\"url\":\"https:\/\/buildinginsight.org\/es\/contacto\/\",\"name\":\"Contacto - IBTS\",\"isPartOf\":{\"@id\":\"https:\/\/buildinginsight.org\/es\/#website\"},\"primaryImageOfPage\":{\"@id\":\"https:\/\/buildinginsight.org\/es\/contacto\/#primaryimage\"},\"image\":{\"@id\":\"https:\/\/buildinginsight.org\/es\/contacto\/#primaryimage\"},\"thumbnailUrl\":\"https:\/\/buildinginsight.org\/wp-content\/uploads\/2018\/09\/building-insight-services.jpg\",\"datePublished\":\"2018-06-06T16:05:46+00:00\",\"description\":\"Env\u00edenos un mensaje usando el siguiente formulario o cont\u00e1ctenos directamente.\",\"breadcrumb\":{\"@id\":\"https:\/\/buildinginsight.org\/es\/contacto\/#breadcrumb\"},\"inLanguage\":\"es\",\"potentialAction\":[{\"@type\":\"ReadAction\",\"target\":[\"https:\/\/buildinginsight.org\/es\/contacto\/\"]}]},{\"@type\":\"ImageObject\",\"inLanguage\":\"es\",\"@id\":\"https:\/\/buildinginsight.org\/es\/contacto\/#primaryimage\",\"url\":\"https:\/\/buildinginsight.org\/wp-content\/uploads\/2018\/09\/building-insight-services.jpg\",\"contentUrl\":\"https:\/\/buildinginsight.org\/wp-content\/uploads\/2018\/09\/building-insight-services.jpg\",\"width\":1920,\"height\":450},{\"@type\":\"BreadcrumbList\",\"@id\":\"https:\/\/buildinginsight.org\/es\/contacto\/#breadcrumb\",\"itemListElement\":[{\"@type\":\"ListItem\",\"position\":1,\"name\":\"Home\",\"item\":\"https:\/\/buildinginsight.org\/es\/casa\/\"},{\"@type\":\"ListItem\",\"position\":2,\"name\":\"Contacto\"}]},{\"@type\":\"WebSite\",\"@id\":\"https:\/\/buildinginsight.org\/es\/#website\",\"url\":\"https:\/\/buildinginsight.org\/es\/\",\"name\":\"IBTS\",\"description\":\"\",\"potentialAction\":[{\"@type\":\"SearchAction\",\"target\":{\"@type\":\"EntryPoint\",\"urlTemplate\":\"https:\/\/buildinginsight.org\/es\/?s={search_term_string}\"},\"query-input\":{\"@type\":\"PropertyValueSpecification\",\"valueRequired\":true,\"valueName\":\"search_term_string\"}}],\"inLanguage\":\"es\"}]}<\/script>\n<!-- \/ Yoast SEO plugin. -->","yoast_head_json":{"title":"Contacto - IBTS","description":"Env\u00edenos un mensaje usando el siguiente formulario o cont\u00e1ctenos directamente.","robots":{"index":"index","follow":"follow","max-snippet":"max-snippet:-1","max-image-preview":"max-image-preview:large","max-video-preview":"max-video-preview:-1"},"canonical":"https:\/\/buildinginsight.org\/es\/contacto\/","og_locale":"es_ES","og_type":"article","og_title":"Contacto - IBTS","og_description":"Env\u00edenos un mensaje usando el siguiente formulario o cont\u00e1ctenos directamente.","og_url":"https:\/\/buildinginsight.org\/es\/contacto\/","og_site_name":"IBTS","og_image":[{"width":1920,"height":450,"url":"https:\/\/buildinginsight.org\/wp-content\/uploads\/2018\/09\/building-insight-services.jpg","type":"image\/jpeg"}],"twitter_card":"summary_large_image","schema":{"@context":"https:\/\/schema.org","@graph":[{"@type":"WebPage","@id":"https:\/\/buildinginsight.org\/es\/contacto\/","url":"https:\/\/buildinginsight.org\/es\/contacto\/","name":"Contacto - IBTS","isPartOf":{"@id":"https:\/\/buildinginsight.org\/es\/#website"},"primaryImageOfPage":{"@id":"https:\/\/buildinginsight.org\/es\/contacto\/#primaryimage"},"image":{"@id":"https:\/\/buildinginsight.org\/es\/contacto\/#primaryimage"},"thumbnailUrl":"https:\/\/buildinginsight.org\/wp-content\/uploads\/2018\/09\/building-insight-services.jpg","datePublished":"2018-06-06T16:05:46+00:00","description":"Env\u00edenos un mensaje usando el siguiente formulario o cont\u00e1ctenos directamente.","breadcrumb":{"@id":"https:\/\/buildinginsight.org\/es\/contacto\/#breadcrumb"},"inLanguage":"es","potentialAction":[{"@type":"ReadAction","target":["https:\/\/buildinginsight.org\/es\/contacto\/"]}]},{"@type":"ImageObject","inLanguage":"es","@id":"https:\/\/buildinginsight.org\/es\/contacto\/#primaryimage","url":"https:\/\/buildinginsight.org\/wp-content\/uploads\/2018\/09\/building-insight-services.jpg","contentUrl":"https:\/\/buildinginsight.org\/wp-content\/uploads\/2018\/09\/building-insight-services.jpg","width":1920,"height":450},{"@type":"BreadcrumbList","@id":"https:\/\/buildinginsight.org\/es\/contacto\/#breadcrumb","itemListElement":[{"@type":"ListItem","position":1,"name":"Home","item":"https:\/\/buildinginsight.org\/es\/casa\/"},{"@type":"ListItem","position":2,"name":"Contacto"}]},{"@type":"WebSite","@id":"https:\/\/buildinginsight.org\/es\/#website","url":"https:\/\/buildinginsight.org\/es\/","name":"IBTS","description":"","potentialAction":[{"@type":"SearchAction","target":{"@type":"EntryPoint","urlTemplate":"https:\/\/buildinginsight.org\/es\/?s={search_term_string}"},"query-input":{"@type":"PropertyValueSpecification","valueRequired":true,"valueName":"search_term_string"}}],"inLanguage":"es"}]}},"_links":{"self":[{"href":"https:\/\/buildinginsight.org\/es\/wp-json\/wp\/v2\/pages\/685","targetHints":{"allow":["GET"]}}],"collection":[{"href":"https:\/\/buildinginsight.org\/es\/wp-json\/wp\/v2\/pages"}],"about":[{"href":"https:\/\/buildinginsight.org\/es\/wp-json\/wp\/v2\/types\/page"}],"author":[{"embeddable":true,"href":"https:\/\/buildinginsight.org\/es\/wp-json\/wp\/v2\/users\/5"}],"replies":[{"embeddable":true,"href":"https:\/\/buildinginsight.org\/es\/wp-json\/wp\/v2\/comments?post=685"}],"version-history":[{"count":0,"href":"https:\/\/buildinginsight.org\/es\/wp-json\/wp\/v2\/pages\/685\/revisions"}],"wp:featuredmedia":[{"embeddable":true,"href":"https:\/\/buildinginsight.org\/es\/wp-json\/wp\/v2\/media\/557"}],"wp:attachment":[{"href":"https:\/\/buildinginsight.org\/es\/wp-json\/wp\/v2\/media?parent=685"}],"curies":[{"name":"wp","href":"https:\/\/api.w.org\/{rel}","templated":true}]}}